{"id":1373,"date":"2021-10-26T12:45:24","date_gmt":"2021-10-26T12:45:24","guid":{"rendered":"https:\/\/localhost\/elementor\/?page_id=1373"},"modified":"2023-09-21T17:24:04","modified_gmt":"2023-09-21T17:24:04","slug":"gyik","status":"publish","type":"page","link":"https:\/\/sxrd.webstar.hu\/en\/gyik\/","title":{"rendered":"FAQ"},"content":{"rendered":"\t\t<div data-elementor-type=\"wp-page\" data-elementor-id=\"1373\" class=\"elementor elementor-1373\" data-elementor-post-type=\"page\">\n\t\t\t\t\t\t<section class=\"elementor-section elementor-top-section elementor-element elementor-element-1536044 elementor-section-boxed elementor-section-height-default elementor-section-height-default\" data-id=\"1536044\" data-element_type=\"section\" data-e-type=\"section\">\n\t\t\t\t\t\t<div class=\"elementor-container elementor-column-gap-default\">\n\t\t\t\t\t<div class=\"elementor-column elementor-col-33 elementor-top-column elementor-element elementor-element-0dde4b3\" data-id=\"0dde4b3\" data-element_type=\"column\" data-e-type=\"column\">\n\t\t\t<div class=\"elementor-widget-wrap elementor-element-populated\">\n\t\t\t\t\t\t<div class=\"elementor-element elementor-element-e1d9cd3 elementor-widget elementor-widget-heading\" data-id=\"e1d9cd3\" data-element_type=\"widget\" data-e-type=\"widget\" data-widget_type=\"heading.default\">\n\t\t\t\t<div class=\"elementor-widget-container\">\n\t\t\t\t\t<h1 class=\"elementor-heading-title elementor-size-default\">Gyakran ism\u00e9telt k\u00e9rd\u00e9sek<\/h1>\t\t\t\t<\/div>\n\t\t\t\t<\/div>\n\t\t\t\t<div class=\"elementor-element elementor-element-6a433ff elementor-widget elementor-widget-text-editor\" data-id=\"6a433ff\" data-element_type=\"widget\" data-e-type=\"widget\" data-widget_type=\"text-editor.default\">\n\t\t\t\t<div class=\"elementor-widget-container\">\n\t\t\t\t\t\t\t\t\t<p>Nem tal\u00e1lja a v\u00e1laszt arra amit keres? Vegye fel vel\u00fcnk a <strong><span style=\"text-decoration: underline; color: #795038;\"><a style=\"color: #795038; text-decoration: underline;\" href=\"https:\/\/sxrd.webstar.hu\/kapcsolat\/\" data-wplink-url-error=\"true\">kapcsolatot<\/a><\/span><\/strong>!<\/p>\t\t\t\t\t\t\t\t<\/div>\n\t\t\t\t<\/div>\n\t\t\t\t\t<\/div>\n\t\t<\/div>\n\t\t\t\t<div class=\"elementor-column elementor-col-66 elementor-top-column elementor-element elementor-element-710e56d\" data-id=\"710e56d\" data-element_type=\"column\" data-e-type=\"column\" data-settings=\"{&quot;background_background&quot;:&quot;classic&quot;}\">\n\t\t\t<div class=\"elementor-widget-wrap elementor-element-populated\">\n\t\t\t\t\t\t<div class=\"elementor-element elementor-element-59776eb elementor-widget elementor-widget-toggle\" data-id=\"59776eb\" data-element_type=\"widget\" data-e-type=\"widget\" data-widget_type=\"toggle.default\">\n\t\t\t\t<div class=\"elementor-widget-container\">\n\t\t\t\t\t\t\t<div class=\"elementor-toggle\">\n\t\t\t\t\t\t\t<div class=\"elementor-toggle-item\">\n\t\t\t\t\t<div id=\"elementor-tab-title-9381\" class=\"elementor-tab-title\" data-tab=\"1\" role=\"button\" aria-controls=\"elementor-tab-content-9381\" aria-expanded=\"false\">\n\t\t\t\t\t\t\t\t\t\t\t\t<span class=\"elementor-toggle-icon elementor-toggle-icon-right\" aria-hidden=\"true\">\n\t\t\t\t\t\t\t\t\t\t\t\t\t\t\t<span class=\"elementor-toggle-icon-closed\"><i class=\"fas fa-chevron-down\"><\/i><\/span>\n\t\t\t\t\t\t\t\t<span class=\"elementor-toggle-icon-opened\"><i class=\"elementor-toggle-icon-opened fas fa-chevron-up\"><\/i><\/span>\n\t\t\t\t\t\t\t\t\t\t\t\t\t<\/span>\n\t\t\t\t\t\t\t\t\t\t\t\t<a class=\"elementor-toggle-title\" tabindex=\"0\">Mi az az SXRD?<\/a>\n\t\t\t\t\t<\/div>\n\n\t\t\t\t\t<div id=\"elementor-tab-content-9381\" class=\"elementor-tab-content elementor-clearfix\" data-tab=\"1\" role=\"region\" aria-labelledby=\"elementor-tab-title-9381\"><p class=\"p1\"><span class=\"s1\">H\u00e1rom f\u0151 profillal rendelkez\u00fcnk: t\u00fara\u00fatvonalakat k\u00edn\u00e1lunk a szeksz\u00e1rdi borvid\u00e9k dombjai k\u00f6z\u00f6tt, pr\u00e9mium borv\u00e1logat\u00e1sokat \u00e1rus\u00edtunk, valamint sz\u00e1ll\u00e1slehet\u0151s\u00e9get ny\u00fajtunk luxus apartmanjainkban. Nev\u00fcnk Szeksz\u00e1rd v\u00e1ros\u00e1nak eleg\u00e1ns megjelen\u00edt\u00e9se.<\/span><\/p><\/div>\n\t\t\t\t<\/div>\n\t\t\t\t\t\t\t<div class=\"elementor-toggle-item\">\n\t\t\t\t\t<div id=\"elementor-tab-title-9382\" class=\"elementor-tab-title\" data-tab=\"2\" role=\"button\" aria-controls=\"elementor-tab-content-9382\" aria-expanded=\"false\">\n\t\t\t\t\t\t\t\t\t\t\t\t<span class=\"elementor-toggle-icon elementor-toggle-icon-right\" aria-hidden=\"true\">\n\t\t\t\t\t\t\t\t\t\t\t\t\t\t\t<span class=\"elementor-toggle-icon-closed\"><i class=\"fas fa-chevron-down\"><\/i><\/span>\n\t\t\t\t\t\t\t\t<span class=\"elementor-toggle-icon-opened\"><i class=\"elementor-toggle-icon-opened fas fa-chevron-up\"><\/i><\/span>\n\t\t\t\t\t\t\t\t\t\t\t\t\t<\/span>\n\t\t\t\t\t\t\t\t\t\t\t\t<a class=\"elementor-toggle-title\" tabindex=\"0\">Hogyan \u00e9rhetem el a t\u00fara\u00fatvonalakat?<\/a>\n\t\t\t\t\t<\/div>\n\n\t\t\t\t\t<div id=\"elementor-tab-content-9382\" class=\"elementor-tab-content elementor-clearfix\" data-tab=\"2\" role=\"region\" aria-labelledby=\"elementor-tab-title-9382\"><p>Az SXRD Point men\u00fcpont alatt tal\u00e1lhat\u00f3 folyamatosan b\u0151v\u00fcl\u0151 t\u00fara\u00fatvonal-gy\u0171jtem\u00e9ny\u00fcnk. Az \u00fatvonalak mindenki sz\u00e1m\u00e1ra szabadon el\u00e9rhet\u0151ek, ingyenesen let\u00f6lthet\u0151ek \u00e9s felhaszn\u00e1lhat\u00f3ak. A kiv\u00e1lasztott \u00fatvonalat .gpx form\u00e1tum\u00fa f\u00e1jlban tudjuk let\u00f6lteni mobilk\u00e9sz\u00fcl\u00e9k\u00fcnkre. A let\u00f6lt\u00f6tt f\u00e1jl kezel\u00e9s\u00e9hez sz\u00fcks\u00e9ges egy gpx-olvas\u00f3 alkalmaz\u00e1s is, melyek k\u00f6z\u00fcl t\u00f6bbet ingyenesen beszerezhet\u00fcnk mobilunk \u00e1ruh\u00e1z\u00e1b\u00f3l. A r\u00e9szletes \u00fatmutat\u00f3 minden t\u00fara le\u00edr\u00e1sa alatt, a &#8222;Hogyan haszn\u00e1ljam?&#8221; gombra kattintva \u00e9rhet\u0151 el.<\/p><\/div>\n\t\t\t\t<\/div>\n\t\t\t\t\t\t\t<div class=\"elementor-toggle-item\">\n\t\t\t\t\t<div id=\"elementor-tab-title-9383\" class=\"elementor-tab-title\" data-tab=\"3\" role=\"button\" aria-controls=\"elementor-tab-content-9383\" aria-expanded=\"false\">\n\t\t\t\t\t\t\t\t\t\t\t\t<span class=\"elementor-toggle-icon elementor-toggle-icon-right\" aria-hidden=\"true\">\n\t\t\t\t\t\t\t\t\t\t\t\t\t\t\t<span class=\"elementor-toggle-icon-closed\"><i class=\"fas fa-chevron-down\"><\/i><\/span>\n\t\t\t\t\t\t\t\t<span class=\"elementor-toggle-icon-opened\"><i class=\"elementor-toggle-icon-opened fas fa-chevron-up\"><\/i><\/span>\n\t\t\t\t\t\t\t\t\t\t\t\t\t<\/span>\n\t\t\t\t\t\t\t\t\t\t\t\t<a class=\"elementor-toggle-title\" tabindex=\"0\">Van-e lehet\u0151s\u00e9g gyermekkel vagy kis\u00e1llattal megsz\u00e1llni?<\/a>\n\t\t\t\t\t<\/div>\n\n\t\t\t\t\t<div id=\"elementor-tab-content-9383\" class=\"elementor-tab-content elementor-clearfix\" data-tab=\"3\" role=\"region\" aria-labelledby=\"elementor-tab-title-9383\"><p>Apartmanh\u00e1zunk feln\u0151ttbar\u00e1t sz\u00e1ll\u00e1shely, \u00edgy kiz\u00e1r\u00f3lag 18 \u00e9ven fel\u00fcli vend\u00e9gek sz\u00e1llhatnak meg n\u00e1lunk. Kis\u00e1llatok fogad\u00e1s\u00e1ra sajnos nincs lehet\u0151s\u00e9g.<\/p><\/div>\n\t\t\t\t<\/div>\n\t\t\t\t\t\t\t\t\t\t<script type=\"application\/ld+json\">{\"@context\":\"https:\\\/\\\/schema.org\",\"@type\":\"FAQPage\",\"mainEntity\":[{\"@type\":\"Question\",\"name\":\"Mi az az SXRD?\",\"acceptedAnswer\":{\"@type\":\"Answer\",\"text\":\"<p class=\\\"p1\\\"><span class=\\\"s1\\\">H\\u00e1rom f\\u0151 profillal rendelkez\\u00fcnk: t\\u00fara\\u00fatvonalakat k\\u00edn\\u00e1lunk a szeksz\\u00e1rdi borvid\\u00e9k dombjai k\\u00f6z\\u00f6tt, pr\\u00e9mium borv\\u00e1logat\\u00e1sokat \\u00e1rus\\u00edtunk, valamint sz\\u00e1ll\\u00e1slehet\\u0151s\\u00e9get ny\\u00fajtunk luxus apartmanjainkban. Nev\\u00fcnk Szeksz\\u00e1rd v\\u00e1ros\\u00e1nak eleg\\u00e1ns megjelen\\u00edt\\u00e9se.<\\\/span><\\\/p>\"}},{\"@type\":\"Question\",\"name\":\"Hogyan \\u00e9rhetem el a t\\u00fara\\u00fatvonalakat?\",\"acceptedAnswer\":{\"@type\":\"Answer\",\"text\":\"<p>Az SXRD Point men\\u00fcpont alatt tal\\u00e1lhat\\u00f3 folyamatosan b\\u0151v\\u00fcl\\u0151 t\\u00fara\\u00fatvonal-gy\\u0171jtem\\u00e9ny\\u00fcnk. Az \\u00fatvonalak mindenki sz\\u00e1m\\u00e1ra szabadon el\\u00e9rhet\\u0151ek, ingyenesen let\\u00f6lthet\\u0151ek \\u00e9s felhaszn\\u00e1lhat\\u00f3ak. A kiv\\u00e1lasztott \\u00fatvonalat .gpx form\\u00e1tum\\u00fa f\\u00e1jlban tudjuk let\\u00f6lteni mobilk\\u00e9sz\\u00fcl\\u00e9k\\u00fcnkre. A let\\u00f6lt\\u00f6tt f\\u00e1jl kezel\\u00e9s\\u00e9hez sz\\u00fcks\\u00e9ges egy gpx-olvas\\u00f3 alkalmaz\\u00e1s is, melyek k\\u00f6z\\u00fcl t\\u00f6bbet ingyenesen beszerezhet\\u00fcnk mobilunk \\u00e1ruh\\u00e1z\\u00e1b\\u00f3l. A r\\u00e9szletes \\u00fatmutat\\u00f3 minden t\\u00fara le\\u00edr\\u00e1sa alatt, a &#8222;Hogyan haszn\\u00e1ljam?&#8221; gombra kattintva \\u00e9rhet\\u0151 el.<\\\/p>\"}},{\"@type\":\"Question\",\"name\":\"Van-e lehet\\u0151s\\u00e9g gyermekkel vagy kis\\u00e1llattal megsz\\u00e1llni?\",\"acceptedAnswer\":{\"@type\":\"Answer\",\"text\":\"<p>Apartmanh\\u00e1zunk feln\\u0151ttbar\\u00e1t sz\\u00e1ll\\u00e1shely, \\u00edgy kiz\\u00e1r\\u00f3lag 18 \\u00e9ven fel\\u00fcli vend\\u00e9gek sz\\u00e1llhatnak meg n\\u00e1lunk. Kis\\u00e1llatok fogad\\u00e1s\\u00e1ra sajnos nincs lehet\\u0151s\\u00e9g.<\\\/p>\"}}]}<\/script>\n\t\t\t\t\t<\/div>\n\t\t\t\t\t\t<\/div>\n\t\t\t\t<\/div>\n\t\t\t\t\t<\/div>\n\t\t<\/div>\n\t\t\t\t\t<\/div>\n\t\t<\/section>\n\t\t\t\t<section class=\"elementor-section elementor-top-section elementor-element elementor-element-46f1de2 elementor-section-boxed elementor-section-height-default elementor-section-height-default\" data-id=\"46f1de2\" data-element_type=\"section\" data-e-type=\"section\">\n\t\t\t\t\t\t<div class=\"elementor-container elementor-column-gap-default\">\n\t\t\t\t\t<div class=\"elementor-column elementor-col-100 elementor-top-column elementor-element elementor-element-fe95531\" data-id=\"fe95531\" data-element_type=\"column\" data-e-type=\"column\">\n\t\t\t<div class=\"elementor-widget-wrap elementor-element-populated\">\n\t\t\t\t\t\t<div class=\"elementor-element elementor-element-24d6673 elementor-widget elementor-widget-spacer\" data-id=\"24d6673\" data-element_type=\"widget\" data-e-type=\"widget\" data-widget_type=\"spacer.default\">\n\t\t\t\t<div class=\"elementor-widget-container\">\n\t\t\t\t\t\t\t<div class=\"elementor-spacer\">\n\t\t\t<div class=\"elementor-spacer-inner\"><\/div>\n\t\t<\/div>\n\t\t\t\t\t\t<\/div>\n\t\t\t\t<\/div>\n\t\t\t\t\t<\/div>\n\t\t<\/div>\n\t\t\t\t\t<\/div>\n\t\t<\/section>\n\t\t\t\t<\/div>\n\t\t","protected":false},"excerpt":{"rendered":"<p>Gyakran ism\u00e9telt k\u00e9rd\u00e9sek Nem tal\u00e1lja a v\u00e1laszt arra amit keres? Vegye fel vel\u00fcnk a kapcsolatot! Mi az az SXRD? H\u00e1rom f\u0151 profillal rendelkez\u00fcnk: t\u00fara\u00fatvonalakat k\u00edn\u00e1lunk a szeksz\u00e1rdi borvid\u00e9k dombjai k\u00f6z\u00f6tt, pr\u00e9mium borv\u00e1logat\u00e1sokat \u00e1rus\u00edtunk, valamint sz\u00e1ll\u00e1slehet\u0151s\u00e9get ny\u00fajtunk luxus apartmanjainkban. Nev\u00fcnk Szeksz\u00e1rd v\u00e1ros\u00e1nak eleg\u00e1ns megjelen\u00edt\u00e9se. Hogyan \u00e9rhetem el a t\u00fara\u00fatvonalakat? Az SXRD Point men\u00fcpont alatt tal\u00e1lhat\u00f3 folyamatosan [&hellip;]<\/p>\n","protected":false},"author":2,"featured_media":0,"parent":0,"menu_order":0,"comment_status":"closed","ping_status":"closed","template":"elementor_header_footer","meta":{"_acf_changed":false,"footnotes":""},"class_list":["post-1373","page","type-page","status-publish","hentry"],"acf":[],"_links":{"self":[{"href":"https:\/\/sxrd.webstar.hu\/en\/wp-json\/wp\/v2\/pages\/1373","targetHints":{"allow":["GET"]}}],"collection":[{"href":"https:\/\/sxrd.webstar.hu\/en\/wp-json\/wp\/v2\/pages"}],"about":[{"href":"https:\/\/sxrd.webstar.hu\/en\/wp-json\/wp\/v2\/types\/page"}],"author":[{"embeddable":true,"href":"https:\/\/sxrd.webstar.hu\/en\/wp-json\/wp\/v2\/users\/2"}],"replies":[{"embeddable":true,"href":"https:\/\/sxrd.webstar.hu\/en\/wp-json\/wp\/v2\/comments?post=1373"}],"version-history":[{"count":0,"href":"https:\/\/sxrd.webstar.hu\/en\/wp-json\/wp\/v2\/pages\/1373\/revisions"}],"wp:attachment":[{"href":"https:\/\/sxrd.webstar.hu\/en\/wp-json\/wp\/v2\/media?parent=1373"}],"curies":[{"name":"wp","href":"https:\/\/api.w.org\/{rel}","templated":true}]}}