{"id":2384,"date":"2021-12-07T23:43:29","date_gmt":"2021-12-07T23:43:29","guid":{"rendered":"https:\/\/teszt.sxrd\/?page_id=2384"},"modified":"2022-08-02T12:30:00","modified_gmt":"2022-08-02T12:30:00","slug":"impresszum","status":"publish","type":"page","link":"https:\/\/sxrd.webstar.hu\/en\/impresszum\/","title":{"rendered":"Imprint"},"content":{"rendered":"<div data-elementor-type=\"wp-page\" data-elementor-id=\"2384\" class=\"elementor elementor-2384\" data-elementor-post-type=\"page\">\n\t\t\t\t\t\t<section class=\"elementor-section elementor-top-section elementor-element elementor-element-1ae8200 elementor-section-boxed elementor-section-height-default elementor-section-height-default\" data-id=\"1ae8200\" data-element_type=\"section\" data-e-type=\"section\">\n\t\t\t\t\t\t<div class=\"elementor-container elementor-column-gap-default\">\n\t\t\t\t\t<div class=\"elementor-column elementor-col-100 elementor-top-column elementor-element elementor-element-12f849ae\" data-id=\"12f849ae\" data-element_type=\"column\" data-e-type=\"column\">\n\t\t\t<div class=\"elementor-widget-wrap elementor-element-populated\">\n\t\t\t\t\t\t<div class=\"elementor-element elementor-element-7fbf190b elementor-widget elementor-widget-text-editor\" data-id=\"7fbf190b\" data-element_type=\"widget\" data-e-type=\"widget\" data-widget_type=\"text-editor.default\">\n\t\t\t\t<div class=\"elementor-widget-container\">\n\t\t\t\t\t\t\t\t\t<p class=\"translation-block\">Company name: DR.BEDEDI Kft.<br>Address: 7100 Szeksz\u00e1rd, Vasv\u00e1ri P\u00e1l u. 32\/A.<br>Tax number: 23944217-2-17<br>Company registration number: 17 09 009375<\/p>\n<p class=\"translation-block\">Phone number: +36 70 903 9333<br>E-mail address: info@sxrd.hu<\/p>\t\t\t\t\t\t\t\t<\/div>\n\t\t\t\t<\/div>\n\t\t\t\t\t<\/div>\n\t\t<\/div>\n\t\t\t\t\t<\/div>\n\t\t<\/section>\n\t\t\t\t<\/div>","protected":false},"excerpt":{"rendered":"<p>C\u00e9gn\u00e9v: DR.BEDEDI Kft.Sz\u00e9khely: 7100 Szeksz\u00e1rd, Vasv\u00e1ri P\u00e1l u. 32\/A.Ad\u00f3sz\u00e1m: 23944217-2-17C\u00e9gjegyz\u00e9ksz\u00e1m: 17 09 009375 Telefonsz\u00e1m: +36 70 903 9333E-mail c\u00edm: info@sxrd.hu<\/p>","protected":false},"author":5,"featured_media":0,"parent":0,"menu_order":0,"comment_status":"closed","ping_status":"closed","template":"","meta":{"_acf_changed":false,"footnotes":""},"class_list":["post-2384","page","type-page","status-publish","hentry"],"acf":[],"_links":{"self":[{"href":"https:\/\/sxrd.webstar.hu\/en\/wp-json\/wp\/v2\/pages\/2384","targetHints":{"allow":["GET"]}}],"collection":[{"href":"https:\/\/sxrd.webstar.hu\/en\/wp-json\/wp\/v2\/pages"}],"about":[{"href":"https:\/\/sxrd.webstar.hu\/en\/wp-json\/wp\/v2\/types\/page"}],"author":[{"embeddable":true,"href":"https:\/\/sxrd.webstar.hu\/en\/wp-json\/wp\/v2\/users\/5"}],"replies":[{"embeddable":true,"href":"https:\/\/sxrd.webstar.hu\/en\/wp-json\/wp\/v2\/comments?post=2384"}],"version-history":[{"count":0,"href":"https:\/\/sxrd.webstar.hu\/en\/wp-json\/wp\/v2\/pages\/2384\/revisions"}],"wp:attachment":[{"href":"https:\/\/sxrd.webstar.hu\/en\/wp-json\/wp\/v2\/media?parent=2384"}],"curies":[{"name":"wp","href":"https:\/\/api.w.org\/{rel}","templated":true}]}}