{"id":3437,"date":"2022-05-05T06:39:16","date_gmt":"2022-05-05T06:39:16","guid":{"rendered":"http:\/\/teszt.sxrd\/?page_id=3437"},"modified":"2023-10-06T17:52:42","modified_gmt":"2023-10-06T17:52:42","slug":"foglalas-adatai","status":"publish","type":"page","link":"https:\/\/sxrd.webstar.hu\/en\/foglalas-adatai\/","title":{"rendered":"Foglal\u00e1s adatai"},"content":{"rendered":"<div data-elementor-type=\"wp-page\" data-elementor-id=\"3437\" class=\"elementor elementor-3437\" data-elementor-post-type=\"page\">\n\t\t\t\t\t\t<section class=\"elementor-section elementor-top-section elementor-element elementor-element-ecc8db2 elementor-hidden-desktop elementor-hidden-tablet elementor-hidden-mobile elementor-section-boxed elementor-section-height-default elementor-section-height-default\" data-id=\"ecc8db2\" data-element_type=\"section\" data-e-type=\"section\">\n\t\t\t\t\t\t<div class=\"elementor-container elementor-column-gap-default\">\n\t\t\t\t\t<div class=\"elementor-column elementor-col-100 elementor-top-column elementor-element elementor-element-e1acf6c\" data-id=\"e1acf6c\" data-element_type=\"column\" data-e-type=\"column\" data-settings=\"{&quot;background_background&quot;:&quot;classic&quot;}\">\n\t\t\t<div class=\"elementor-widget-wrap elementor-element-populated\">\n\t\t\t\t\t\t<div class=\"elementor-element elementor-element-33a8a35 elementor-widget elementor-widget-text-editor\" data-id=\"33a8a35\" data-element_type=\"widget\" data-e-type=\"widget\" data-widget_type=\"text-editor.default\">\n\t\t\t\t<div class=\"elementor-widget-container\">\n\t\t\t\t\t\t\t\t\t<p><b>Attention!<\/b> A foglal\u00e1s jelenleg nem \u00e9rhet\u0151 el online. K\u00e9rj\u00fck foglal\u00e1si ig\u00e9ny eset\u00e9n keressen minket a <span style=\"text-decoration: underline;\"><a href=\"https:\/\/sxrd.webstar.hu\/en\/kapcsolat\/\">kapcsolat men\u00fcpontban<\/a><\/span> tal\u00e1lhat\u00f3 el\u00e9rhet\u0151s\u00e9gek b\u00e1rmelyik\u00e9n!<\/p>\t\t\t\t\t\t\t\t<\/div>\n\t\t\t\t<\/div>\n\t\t\t\t\t<\/div>\n\t\t<\/div>\n\t\t\t\t\t<\/div>\n\t\t<\/section>\n\t\t\t\t<section class=\"elementor-section elementor-top-section elementor-element elementor-element-06bcbbc elementor-section-boxed elementor-section-height-default elementor-section-height-default\" data-id=\"06bcbbc\" data-element_type=\"section\" data-e-type=\"section\">\n\t\t\t\t\t\t<div class=\"elementor-container elementor-column-gap-default\">\n\t\t\t\t\t<div class=\"elementor-column elementor-col-100 elementor-top-column elementor-element elementor-element-823aef6\" data-id=\"823aef6\" data-element_type=\"column\" data-e-type=\"column\">\n\t\t\t<div class=\"elementor-widget-wrap elementor-element-populated\">\n\t\t\t\t\t\t<div class=\"elementor-element elementor-element-d74c684 elementor-widget elementor-widget-heading\" data-id=\"d74c684\" data-element_type=\"widget\" data-e-type=\"widget\" data-widget_type=\"heading.default\">\n\t\t\t\t<div class=\"elementor-widget-container\">\n\t\t\t\t\t<h2 class=\"elementor-heading-title elementor-size-default\">Booking<\/h2>\t\t\t\t<\/div>\n\t\t\t\t<\/div>\n\t\t\t\t\t<\/div>\n\t\t<\/div>\n\t\t\t\t\t<\/div>\n\t\t<\/section>\n\t\t\t\t<section class=\"elementor-section elementor-top-section elementor-element elementor-element-9ab86d1 elementor-section-boxed elementor-section-height-default elementor-section-height-default\" data-id=\"9ab86d1\" data-element_type=\"section\" data-e-type=\"section\">\n\t\t\t\t\t\t<div class=\"elementor-container elementor-column-gap-default\">\n\t\t\t\t\t<div class=\"elementor-column elementor-col-100 elementor-top-column elementor-element elementor-element-ddca37e\" data-id=\"ddca37e\" data-element_type=\"column\" data-e-type=\"column\">\n\t\t\t<div class=\"elementor-widget-wrap elementor-element-populated\">\n\t\t\t\t\t\t<div class=\"elementor-element elementor-element-965fb7a elementor-widget elementor-widget-shortcode\" data-id=\"965fb7a\" data-element_type=\"widget\" data-e-type=\"widget\" data-widget_type=\"shortcode.default\">\n\t\t\t\t<div class=\"elementor-widget-container\">\n\t\t\t\t\t\t\t<div class=\"elementor-shortcode\">\n                <div class='foglalas-haladas'>\n                    <div class='foglalas-haladas-point active'>\n                        <div class='foglalas-haladas-point-number'>\n                            1\n                        <\/div>\n                        <div class='foglalas-haladas-point-title'>\n                            Basic data\n\n                        <\/div>\n                    <\/div>\n\n                    <div class='foglalas-haladas-point'>\n                        <div class='foglalas-haladas-point-number'>\n                            2\n                        <\/div>\n                        <div class='foglalas-haladas-point-title'>\n                            Price Calculation\n                        <\/div>\n                    <\/div>\n\n                    <div class='foglalas-haladas-point'>\n                        <div class='foglalas-haladas-point-number'>\n                            3\n                        <\/div>\n                        <div class='foglalas-haladas-point-title'>\n                        Overview\n                        <\/div>\n                    <\/div>\n\n                    <div class='foglalas-haladas-point'>\n                        <div class='foglalas-haladas-point-number'>\n                            4\n                        <\/div>\n                        <div class='foglalas-haladas-point-title'>\n                            Payment\n                        <\/div>\n                    <\/div>\n                <\/div>\n       <\/div>\n\t\t\t\t\t\t<\/div>\n\t\t\t\t<\/div>\n\t\t\t\t\t<\/div>\n\t\t<\/div>\n\t\t\t\t\t<\/div>\n\t\t<\/section>\n\t\t\t\t<section class=\"elementor-section elementor-top-section elementor-element elementor-element-261a43f elementor-section-boxed elementor-section-height-default elementor-section-height-default\" data-id=\"261a43f\" data-element_type=\"section\" data-e-type=\"section\">\n\t\t\t\t\t\t<div class=\"elementor-container elementor-column-gap-default\">\n\t\t\t\t\t<div class=\"elementor-column elementor-col-100 elementor-top-column elementor-element elementor-element-47574af\" data-id=\"47574af\" data-element_type=\"column\" data-e-type=\"column\">\n\t\t\t<div class=\"elementor-widget-wrap elementor-element-populated\">\n\t\t\t\t\t\t<div class=\"elementor-element elementor-element-eee2d47 elementor-widget elementor-widget-text-editor\" data-id=\"eee2d47\" data-element_type=\"widget\" data-e-type=\"widget\" data-widget_type=\"text-editor.default\">\n\t\t\t\t<div class=\"elementor-widget-container\">\n\t\t\t\t\t\t\t\t\t<p>Dear future Guest! You can finalise your booking in 4 steps. <strong>Please note that each booking may result in individual prices depending on the booking parameters and current discounts.<\/strong><\/p>\t\t\t\t\t\t\t\t<\/div>\n\t\t\t\t<\/div>\n\t\t\t\t<div class=\"elementor-element elementor-element-a74602f elementor-align-center elementor-widget elementor-widget-button\" data-id=\"a74602f\" data-element_type=\"widget\" data-e-type=\"widget\" data-widget_type=\"button.default\">\n\t\t\t\t<div class=\"elementor-widget-container\">\n\t\t\t\t\t\t\t\t\t<div class=\"elementor-button-wrapper\">\n\t\t\t\t\t<a class=\"elementor-button elementor-button-link elementor-size-sm\" href=\"#elementor-action%3Aaction%3Dpopup%3Aopen%26settings%3DeyJpZCI6IjM4NzIiLCJ0b2dnbGUiOmZhbHNlfQ%3D%3D\">\n\t\t\t\t\t\t<span class=\"elementor-button-content-wrapper\">\n\t\t\t\t\t\t\t\t\t<span class=\"elementor-button-text\">Find out about our main discounts here<\/span>\n\t\t\t\t\t<\/span>\n\t\t\t\t\t<\/a>\n\t\t\t\t<\/div>\n\t\t\t\t\t\t\t\t<\/div>\n\t\t\t\t<\/div>\n\t\t\t\t<div class=\"elementor-element elementor-element-78fdee0 elementor-widget elementor-widget-spacer\" data-id=\"78fdee0\" data-element_type=\"widget\" data-e-type=\"widget\" data-widget_type=\"spacer.default\">\n\t\t\t\t<div class=\"elementor-widget-container\">\n\t\t\t\t\t\t\t<div class=\"elementor-spacer\">\n\t\t\t<div class=\"elementor-spacer-inner\"><\/div>\n\t\t<\/div>\n\t\t\t\t\t\t<\/div>\n\t\t\t\t<\/div>\n\t\t\t\t<div class=\"elementor-element elementor-element-7baec32 elementor-widget elementor-widget-heading\" data-id=\"7baec32\" data-element_type=\"widget\" data-e-type=\"widget\" data-widget_type=\"heading.default\">\n\t\t\t\t<div class=\"elementor-widget-container\">\n\t\t\t\t\t<h4 class=\"elementor-heading-title elementor-size-default\">Please enter the basic details of your reservation<\/h4>\t\t\t\t<\/div>\n\t\t\t\t<\/div>\n\t\t\t\t<div class=\"elementor-element elementor-element-c58006e elementor-widget elementor-widget-text-editor\" data-id=\"c58006e\" data-element_type=\"widget\" data-e-type=\"widget\" data-widget_type=\"text-editor.default\">\n\t\t\t\t<div class=\"elementor-widget-container\">\n\t\t\t\t\t\t\t\t\t<p>Our calendar clearly indicates which days have one apartment available and which days both of our two apartments can be booked at the same time. This way, you can easily choose the arrival and departure dates that best suit you.\nYou can also take advantage of any discounts: please indicate if you are arriving on your honeymoon, or if you have a gift voucher, VIP Club membership, or Partner Code.&nbsp;<\/p>\n<p><strong>Please note that our apartment house is an adult-friendly accommodation, which means we only accept guests over the age of 18 years.&nbsp;<\/strong><\/p>\n<p><\/p><\/div><\/div><\/div><\/div><\/div><\/section><\/div> <a href=\"https:\/\/sxrd.webstar.hu\/en\/foglalas-adatai\/#more-3437\" class=\"more-link elementor-more-link\"><span aria-label=\"Continue reading Foglal\u00e1s adatai\">(more&hellip;)<\/span><\/a>","protected":false},"excerpt":{"rendered":"<p>Figyelem! A foglal\u00e1s jelenleg nem \u00e9rhet\u0151 el online. K\u00e9rj\u00fck foglal\u00e1si ig\u00e9ny eset\u00e9n keressen minket a kapcsolat men\u00fcpontban tal\u00e1lhat\u00f3 el\u00e9rhet\u0151s\u00e9gek b\u00e1rmelyik\u00e9n! Foglal\u00e1s Kedves leend\u0151 Vend\u00e9g\u00fcnk! Foglal\u00e1si sz\u00e1nd\u00e9k\u00e1t 4 l\u00e9p\u00e9sben tudja v\u00e9gleges\u00edteni. Felh\u00edvjuk a figyelmet, hogy minden foglal\u00e1s egyedi \u00e1rakat eredm\u00e9nyezhet a foglal\u00e1si param\u00e9terekt\u0151l \u00e9s az aktu\u00e1lis kedvezm\u00e9nyekt\u0151l f\u00fcgg\u0151en. F\u0151bb kedvezm\u00e9nyeinkr\u0151l itt t\u00e1j\u00e9koz\u00f3dhat K\u00e9rj\u00fck adja meg a [&hellip;]<\/p>\n","protected":false},"author":6,"featured_media":0,"parent":0,"menu_order":0,"comment_status":"closed","ping_status":"closed","template":"elementor_header_footer","meta":{"_acf_changed":false,"footnotes":""},"class_list":["post-3437","page","type-page","status-publish","hentry"],"acf":[],"_links":{"self":[{"href":"https:\/\/sxrd.webstar.hu\/en\/wp-json\/wp\/v2\/pages\/3437","targetHints":{"allow":["GET"]}}],"collection":[{"href":"https:\/\/sxrd.webstar.hu\/en\/wp-json\/wp\/v2\/pages"}],"about":[{"href":"https:\/\/sxrd.webstar.hu\/en\/wp-json\/wp\/v2\/types\/page"}],"author":[{"embeddable":true,"href":"https:\/\/sxrd.webstar.hu\/en\/wp-json\/wp\/v2\/users\/6"}],"replies":[{"embeddable":true,"href":"https:\/\/sxrd.webstar.hu\/en\/wp-json\/wp\/v2\/comments?post=3437"}],"version-history":[{"count":0,"href":"https:\/\/sxrd.webstar.hu\/en\/wp-json\/wp\/v2\/pages\/3437\/revisions"}],"wp:attachment":[{"href":"https:\/\/sxrd.webstar.hu\/en\/wp-json\/wp\/v2\/media?parent=3437"}],"curies":[{"name":"wp","href":"https:\/\/api.w.org\/{rel}","templated":true}]}}