{"id":3610,"date":"2022-05-11T10:58:58","date_gmt":"2022-05-11T10:58:58","guid":{"rendered":"http:\/\/teszt.sxrd\/?page_id=3610"},"modified":"2025-05-19T21:03:16","modified_gmt":"2025-05-19T21:03:16","slug":"ajandekutalvany","status":"publish","type":"page","link":"https:\/\/sxrd.webstar.hu\/en\/szolgaltatasok\/ajandekutalvany\/","title":{"rendered":"Gift Voucher"},"content":{"rendered":"<div data-elementor-type=\"wp-page\" data-elementor-id=\"3610\" class=\"elementor elementor-3610\" data-elementor-post-type=\"page\">\n\t\t\t\t\t\t<section class=\"elementor-section elementor-top-section elementor-element elementor-element-8936e33 elementor-section-boxed elementor-section-height-default elementor-section-height-default\" data-id=\"8936e33\" data-element_type=\"section\" data-e-type=\"section\">\n\t\t\t\t\t\t<div class=\"elementor-container elementor-column-gap-default\">\n\t\t\t\t\t<div class=\"elementor-column elementor-col-100 elementor-top-column elementor-element elementor-element-9723e54\" data-id=\"9723e54\" data-element_type=\"column\" data-e-type=\"column\">\n\t\t\t<div class=\"elementor-widget-wrap elementor-element-populated\">\n\t\t\t\t\t\t<div class=\"elementor-element elementor-element-60085ef elementor-widget elementor-widget-heading\" data-id=\"60085ef\" data-element_type=\"widget\" data-e-type=\"widget\" data-widget_type=\"heading.default\">\n\t\t\t\t<div class=\"elementor-widget-container\">\n\t\t\t\t\t<h2 class=\"elementor-heading-title elementor-size-default\">Gift Voucher<\/h2>\t\t\t\t<\/div>\n\t\t\t\t<\/div>\n\t\t\t\t<div class=\"elementor-element elementor-element-db115bb elementor-widget__width-initial elementor-widget elementor-widget-text-editor\" data-id=\"db115bb\" data-element_type=\"widget\" data-e-type=\"widget\" data-widget_type=\"text-editor.default\">\n\t\t\t\t<div class=\"elementor-widget-container\">\n\t\t\t\t\t\t\t\t\t<p style=\"text-align: center;\">If you have received a gift voucher\/card from a loved one or friend, you can check the value and expiry date by entering the identifier (ID) on the voucher.<\/p>\t\t\t\t\t\t\t\t<\/div>\n\t\t\t\t<\/div>\n\t\t\t\t\t<\/div>\n\t\t<\/div>\n\t\t\t\t\t<\/div>\n\t\t<\/section>\n\t\t\t\t<section class=\"elementor-section elementor-top-section elementor-element elementor-element-0174dfe elementor-section-boxed elementor-section-height-default elementor-section-height-default\" data-id=\"0174dfe\" data-element_type=\"section\" data-e-type=\"section\">\n\t\t\t\t\t\t<div class=\"elementor-container elementor-column-gap-default\">\n\t\t\t\t\t<div class=\"elementor-column elementor-col-100 elementor-top-column elementor-element elementor-element-cc0d795\" data-id=\"cc0d795\" data-element_type=\"column\" data-e-type=\"column\" data-settings=\"{&quot;background_background&quot;:&quot;classic&quot;}\">\n\t\t\t<div class=\"elementor-widget-wrap elementor-element-populated\">\n\t\t\t\t\t\t<div class=\"elementor-element elementor-element-b8899ae elementor-widget elementor-widget-shortcode\" data-id=\"b8899ae\" data-element_type=\"widget\" data-e-type=\"widget\" data-widget_type=\"shortcode.default\">\n\t\t\t\t<div class=\"elementor-widget-container\">\n\t\t\t\t\t\t\t<div class=\"elementor-shortcode\">\n<form id=\"ajandekutalvany_ellenorzes\" class=\"form\" data-action=\"https:\/\/sxrd.webstar.hu\/wp-admin\/admin-ajax.php\"\n      data-navigate-to=\"\/foglalas-adatai\" action=\"\">\n    <div class=\"form-container check-voucher\">\n        <div class=\"form-row\">\n            <div class=\"form-content validate-input\">\n                <div class=\"advanced-input visible-input\">\n                    <div class=\"advanced-input-inner\">\n                        <div class=\"advanced-input-inner-input\">\n                            <div data-action=\"standalone\" class=\"input-code-left-side\">\n                                SXRD-AJANDEK-                            <\/div>\n                            <input class=\"ajandek-kartya\" type=\"text\" value=\"\"\n                                   placeholder=\"Azonos\u00edt\u00f3 megad\u00e1sa\" \">\n                        <\/div>\n                        <button class=\"standalone-ajandek-kartya-check\" type=\"button\"\n                                value=\"\">Ellen\u0151rz\u00e9s<\/button>\n                    <\/div>\n                    <div class=\"error-message\"><\/div>\n                <\/div>\n            <\/div>\n        <\/div>\n        <div class=\"ajandekutalvany-text-container\"><\/div>\n        <div class=\"foglalas-button-container\">\n            <button class=\"ajandekutalvany-torles-button\" type=\"button\" value=\"\">T\u00f6rl\u00e9s<\/button>\n            <button class=\"ajandekutalvany-foglalas-button\" type=\"button\" value=\"\">Booking<\/button>\n        <\/div>\n    <\/div>\n<input type=\"hidden\" name=\"trp-form-language\" value=\"en\"\/><\/form>\n<\/div>\n\t\t\t\t\t\t<\/div>\n\t\t\t\t<\/div>\n\t\t\t\t\t<\/div>\n\t\t<\/div>\n\t\t\t\t\t<\/div>\n\t\t<\/section>\n\t\t\t\t<section class=\"elementor-section elementor-top-section elementor-element elementor-element-9f59147 elementor-section-boxed elementor-section-height-default elementor-section-height-default\" data-id=\"9f59147\" data-element_type=\"section\" data-e-type=\"section\" data-settings=\"{&quot;background_background&quot;:&quot;classic&quot;}\">\n\t\t\t\t\t\t<div class=\"elementor-container elementor-column-gap-default\">\n\t\t\t\t\t<div class=\"elementor-column elementor-col-100 elementor-top-column elementor-element elementor-element-352ce24\" data-id=\"352ce24\" data-element_type=\"column\" data-e-type=\"column\">\n\t\t\t<div class=\"elementor-widget-wrap elementor-element-populated\">\n\t\t\t\t\t\t<div class=\"elementor-element elementor-element-4b1aed9 elementor-widget elementor-widget-heading\" data-id=\"4b1aed9\" data-element_type=\"widget\" data-e-type=\"widget\" data-widget_type=\"heading.default\">\n\t\t\t\t<div class=\"elementor-widget-container\">\n\t\t\t\t\t<h2 class=\"elementor-heading-title elementor-size-default\">I want to buy a gift voucher<\/h2>\t\t\t\t<\/div>\n\t\t\t\t<\/div>\n\t\t\t\t<div class=\"elementor-element elementor-element-a9746f9 elementor-widget elementor-widget-text-editor\" data-id=\"a9746f9\" data-element_type=\"widget\" data-e-type=\"widget\" data-widget_type=\"text-editor.default\">\n\t\t\t\t<div class=\"elementor-widget-container\">\n\t\t\t\t\t\t\t\t\t<p>We are honored that you are considering the services of SXRD Luxury Apartments when you are looking to purchase a gift.<\/p>\n<p>Instead of material gifts, in recent years we have increasingly preferred to give unforgettable experiences. If you are looking to give your loved ones or friends a gift of tranquillity, intimacy, active relaxation or a culinary experience, our gift voucher is one of the best choices.<\/p>\n<p><strong>Our apartments can accommodate up to 2 people each (up to 4 people in two apartments) for the duration of the stay. Please note that our accommodation is only for persons over the age of 18, as well as smoking and pets are not allowed in the apartments!<\/strong><\/p>\n<p><strong>Gift vouchers can be issued in any amount.&nbsp;<\/strong><span style=\"font-size: 16px; color: var( --e-global-color-text ); background-color: var( --e-global-color-72a587c );\">Gift vouchers cannot be refunded.<\/span><\/p>\n<p>Please note that gift vouchers are <strong>valid for 200 days<\/strong>\u00a0from the date of purchase. It cannot be redeemed afterwards! The reserved date can be later than 200 days from the date of purchase, only the reservation must be made within the validity period.<\/p>\n<p><strong>To protect our environment, the gift voucher will be sent in electronic format (pdf) only to the e-mail address provided.<\/strong>\u00a0We have taken care in the design that if you wish to give your gift in physical, printed form, you can do so in an elegant French envelope. For this reason, <strong>we ask that you enter your e-mail instead of the recipient's for the e-mail address!<\/strong><\/p>\t\t\t\t\t\t\t\t<\/div>\n\t\t\t\t<\/div>\n\t\t\t\t<div class=\"elementor-element elementor-element-525a0bc elementor-widget elementor-widget-shortcode\" data-id=\"525a0bc\" data-element_type=\"widget\" data-e-type=\"widget\" data-widget_type=\"shortcode.default\">\n\t\t\t\t<div class=\"elementor-widget-container\">\n\t\t\t\t\t\t\t<div class=\"elementor-shortcode\"><form id=\"ajandekkartya\" action=\"https:\/\/sxrd.webstar.hu\/wp-admin\/admin-ajax.php\" method=\"post\" class=\"form\">\n    <div class=\"form-container\">\n        <div class=\"form-row data-row\">\n            <div class=\"sxrd__form-item price-input\">\n                <label for=\"ajandekkartya_osszeg\">Gift Voucher Value<\/label>\n                <input type=\"text\" id=\"ajandekkartya_osszeg\" name=\"ajandekkartya_osszeg\"\n                       placeholder=\"Adja meg az \u00f6sszeget\">\n                <div class=\"error-message\">\n\n                <\/div>\n            <\/div>\n            <div class=\"sxrd__form-item phone\">\n                <label for=\"ajandekkartya_tel\">Az \u00d6n telefonsz\u00e1ma<\/label>\n                <input type=\"text\" id=\"ajandekkartya_tel\" name=\"ajandekkartya_tel\"\n                       placeholder=\"Adja meg telefonsz\u00e1m\u00e1t\">\n                <div class=\"error-message\">\n\n                <\/div>\n            <\/div>\n            <div class=\"sxrd__form-item email\">\n                <label for=\"ajandekkartya_email\">  Email<\/label>\n                <input type=\"text\" id=\"ajandekkartya_email\" name=\"ajandekkartya_email\"\n                       placeholder=\"Adja meg e-mail c\u00edm\u00e9t\">\n                <div class=\"error-message\">\n\n                <\/div>\n            <\/div>\n        <\/div>\n        <div class=\"form-row data-row\">\n            <div class=\"sxrd__form-item\">\n                <label for=\"ajandekkartya_uzenet\">Personal message on the gift voucher<\/label>\n                <textarea id=\"ajandekkartya_uzenet\" name=\"ajandekkartya_uzenet\"\n                          placeholder=\"(Opcion\u00e1lis) pl.: Kellemes kikapcsol\u00f3d\u00e1st k\u00edv\u00e1nunk! P\u00e9ter \u00e9s Barbara\"><\/textarea>\n            <\/div>\n        <\/div>\n\n        <div class=\"title-with-copy\">\n            <h4>Sz\u00e1ml\u00e1z\u00e1si adatok<\/h4>\n        <\/div>\n        <div class=\"form-row data-row\">\n            <div class=\"sxrd__form-item company-voucher\">\n                <label for=\"ajandekkartya_szamlazas_nev\">N\u00e9v \/ C\u00e9gn\u00e9v<\/label>\n                <input type=\"text\" id=\"ajandekkartya_szamlazas_nev\" name=\"ajandekkartya_szamlazas_nev\"\n                       placeholder=\"Adja meg nev\u00e9t \/ c\u00e9gnev\u00e9t\">\n                <div class=\"error-message\">\n\n                <\/div>\n            <\/div>\n            <div class=\"sxrd__form-item adoszam\">\n                <label for=\"ajandekkartya_szamlazas_adoszam\">Ad\u00f3sz\u00e1m<\/label>\n                <input type=\"text\" id=\"ajandekkartya_szamlazas_adoszam\" name=\"ajandekkartya_szamlazas_adoszam\"\n                       placeholder=\"Adja meg ad\u00f3sz\u00e1m\u00e1t\">\n            <\/div>\n        <\/div>\n        <div class=\"form-row data-row\">\n            <div class=\"sxrd__form-item\">\n                <label for=\"ajandekkartya_szamlazas_cim\">C\u00edm<\/label>\n                <input type=\"text\" id=\"ajandekkartya_szamlazas_cim\" name=\"ajandekkartya_szamlazas_cim\"\n                       placeholder=\"Adja meg a sz\u00e1ml\u00e1z\u00e1si c\u00edmet\">\n                <div class=\"error-message\">\n\n                <\/div>\n            <\/div>\n        <\/div>\n    <\/div>\n    <div class=\"button-container voucher-pay payment-error\">\n        <div class=\"payment-error-container\">\n            <h4>Sikertelen fizet\u00e9s<\/h4>\n            <p>A fizet\u00e9si tranzakci\u00f3 <strong>sikertelen<\/strong> eredm\u00e9nnyel z\u00e1rult.<\/p>\n            <p>A fizet\u00e9s gombra kattintva ism\u00e9t megk\u00eds\u00e9relheti a foglal\u00e1st.<\/p>\n        <\/div>\n        <div class=\"button-container-inner\">\n            <button class=\"ajandekkartya_save send-button\">Payment<\/button>\n        <\/div>\n    <\/div>\n<\/form>\n<\/div>\n\t\t\t\t\t\t<\/div>\n\t\t\t\t<\/div>\n\t\t\t\t\t<\/div>\n\t\t<\/div>\n\t\t\t\t\t<\/div>\n\t\t<\/section>\n\t\t\t\t<\/div>","protected":false},"excerpt":{"rendered":"<p>Aj\u00e1nd\u00e9kutalv\u00e1ny Ha \u00d6nt egy szerette vagy bar\u00e1tja aj\u00e1nd\u00e9kutalv\u00e1nnyal lepte meg, az azon szerepl\u0151 azonos\u00edt\u00f3 megad\u00e1s\u00e1val lek\u00e9rdezheti annak \u00f6sszeg\u00e9t \u00e9s lej\u00e1rati d\u00e1tum\u00e1t. Aj\u00e1nd\u00e9kutalv\u00e1nyt szeretn\u00e9k v\u00e1s\u00e1rolni Megtisztel\u0151 sz\u00e1munkra, hogy az SXRD Luxus Apartmanok szolg\u00e1ltat\u00e1saira gondol, amikor aj\u00e1nd\u00e9kot szeretne v\u00e1s\u00e1rolni. A t\u00e1rgyi aj\u00e1nd\u00e9kok helyett az elm\u00falt \u00e9vekben egyre ink\u00e1bb szeret\u00fcnk felejthetetlen \u00e9lm\u00e9nyeket adni. Ha szeretteinek vagy bar\u00e1tainak nyugalmat, [&hellip;]<\/p>\n","protected":false},"author":6,"featured_media":4544,"parent":5494,"menu_order":0,"comment_status":"closed","ping_status":"closed","template":"elementor_header_footer","meta":{"_acf_changed":false,"footnotes":""},"class_list":["post-3610","page","type-page","status-publish","has-post-thumbnail","hentry"],"acf":[],"_links":{"self":[{"href":"https:\/\/sxrd.webstar.hu\/en\/wp-json\/wp\/v2\/pages\/3610","targetHints":{"allow":["GET"]}}],"collection":[{"href":"https:\/\/sxrd.webstar.hu\/en\/wp-json\/wp\/v2\/pages"}],"about":[{"href":"https:\/\/sxrd.webstar.hu\/en\/wp-json\/wp\/v2\/types\/page"}],"author":[{"embeddable":true,"href":"https:\/\/sxrd.webstar.hu\/en\/wp-json\/wp\/v2\/users\/6"}],"replies":[{"embeddable":true,"href":"https:\/\/sxrd.webstar.hu\/en\/wp-json\/wp\/v2\/comments?post=3610"}],"version-history":[{"count":0,"href":"https:\/\/sxrd.webstar.hu\/en\/wp-json\/wp\/v2\/pages\/3610\/revisions"}],"up":[{"embeddable":true,"href":"https:\/\/sxrd.webstar.hu\/en\/wp-json\/wp\/v2\/pages\/5494"}],"wp:featuredmedia":[{"embeddable":true,"href":"https:\/\/sxrd.webstar.hu\/en\/wp-json\/wp\/v2\/media\/4544"}],"wp:attachment":[{"href":"https:\/\/sxrd.webstar.hu\/en\/wp-json\/wp\/v2\/media?parent=3610"}],"curies":[{"name":"wp","href":"https:\/\/api.w.org\/{rel}","templated":true}]}}