{"id":4762,"date":"2022-11-21T15:49:44","date_gmt":"2022-11-21T15:49:44","guid":{"rendered":"https:\/\/www.sxrd.hu\/?page_id=4762"},"modified":"2025-10-01T09:50:58","modified_gmt":"2025-10-01T09:50:58","slug":"extra-szolgaltatasok","status":"publish","type":"page","link":"https:\/\/sxrd.webstar.hu\/en\/szolgaltatasok\/extra-szolgaltatasok\/","title":{"rendered":"Massage"},"content":{"rendered":"<div data-elementor-type=\"wp-page\" data-elementor-id=\"4762\" class=\"elementor elementor-4762\" data-elementor-post-type=\"page\">\n\t\t\t\t<div class=\"elementor-element elementor-element-f59967e e-flex e-con-boxed e-con e-parent\" data-id=\"f59967e\" data-element_type=\"container\" data-e-type=\"container\">\n\t\t\t\t\t<div class=\"e-con-inner\">\n\t\t<div class=\"elementor-element elementor-element-5afbacc e-con-full e-flex e-con e-child\" data-id=\"5afbacc\" data-element_type=\"container\" data-e-type=\"container\">\n\t\t\t\t<div class=\"elementor-element elementor-element-7d6c1fa elementor-widget elementor-widget-spacer\" data-id=\"7d6c1fa\" data-element_type=\"widget\" data-e-type=\"widget\" data-widget_type=\"spacer.default\">\n\t\t\t\t<div class=\"elementor-widget-container\">\n\t\t\t\t\t\t\t<div class=\"elementor-spacer\">\n\t\t\t<div class=\"elementor-spacer-inner\"><\/div>\n\t\t<\/div>\n\t\t\t\t\t\t<\/div>\n\t\t\t\t<\/div>\n\t\t\t\t<\/div>\n\t\t\t\t\t<\/div>\n\t\t\t\t<\/div>\n\t\t<div class=\"elementor-element elementor-element-1c68d83 e-flex e-con-boxed e-con e-parent\" data-id=\"1c68d83\" data-element_type=\"container\" data-e-type=\"container\">\n\t\t\t\t\t<div class=\"e-con-inner\">\n\t\t<div class=\"elementor-element elementor-element-60e8e6f e-con-full e-flex e-con e-child\" data-id=\"60e8e6f\" data-element_type=\"container\" data-e-type=\"container\">\n\t\t\t\t<div class=\"elementor-element elementor-element-535614e elementor-widget elementor-widget-text-editor\" data-id=\"535614e\" data-element_type=\"widget\" data-e-type=\"widget\" data-widget_type=\"text-editor.default\">\n\t\t\t\t<div class=\"elementor-widget-container\">\n\t\t\t\t\t\t\t\t\t<p>\u00a0Bence Kir\u00e1lyh\u00e1zi, a sports and spa masseuse is available for the guests of the apartment house. Thelist of his offered treatmeants can be found here:<\/p>\t\t\t\t\t\t\t\t<\/div>\n\t\t\t\t<\/div>\n\t\t\t\t<div class=\"elementor-element elementor-element-cabc4ec elementor-widget elementor-widget-text-editor\" data-id=\"cabc4ec\" data-element_type=\"widget\" data-e-type=\"widget\" data-widget_type=\"text-editor.default\">\n\t\t\t\t<div class=\"elementor-widget-container\">\n\t\t\t\t\t\t\t\t\t<p><b>Therapeutic massage<br \/>Swedish massage<br \/>Sports massage<br \/>Lymphatic drainage massage<br \/>Cupping Therapy<\/b><\/p>\t\t\t\t\t\t\t\t<\/div>\n\t\t\t\t<\/div>\n\t\t\t\t<\/div>\n\t\t<div class=\"elementor-element elementor-element-05e0570 e-con-full e-flex e-con e-child\" data-id=\"05e0570\" data-element_type=\"container\" data-e-type=\"container\">\n\t\t\t\t<div class=\"elementor-element elementor-element-61ace53 elementor-widget elementor-widget-image\" data-id=\"61ace53\" data-element_type=\"widget\" data-e-type=\"widget\" data-widget_type=\"image.default\">\n\t\t\t\t<div class=\"elementor-widget-container\">\n\t\t\t\t\t\t\t\t\t\t\t\t\t\t\t<img fetchpriority=\"high\" decoding=\"async\" width=\"821\" height=\"617\" src=\"https:\/\/sxrd.webstar.hu\/wp-content\/uploads\/2025\/02\/sxrd.hu-extra-szolgaltatasok-7c5ebf7a-0e9d-498e-ae36-7095c11cdb6c-1-e1739112054366.jpg\" class=\"attachment-1536x1536 size-1536x1536 wp-image-5308\" alt=\"\" srcset=\"https:\/\/sxrd.webstar.hu\/wp-content\/uploads\/2025\/02\/sxrd.hu-extra-szolgaltatasok-7c5ebf7a-0e9d-498e-ae36-7095c11cdb6c-1-e1739112054366.jpg 821w, https:\/\/sxrd.webstar.hu\/wp-content\/uploads\/2025\/02\/sxrd.hu-extra-szolgaltatasok-7c5ebf7a-0e9d-498e-ae36-7095c11cdb6c-1-e1739112054366-300x225.jpg 300w, https:\/\/sxrd.webstar.hu\/wp-content\/uploads\/2025\/02\/sxrd.hu-extra-szolgaltatasok-7c5ebf7a-0e9d-498e-ae36-7095c11cdb6c-1-e1739112054366-768x577.jpg 768w, https:\/\/sxrd.webstar.hu\/wp-content\/uploads\/2025\/02\/sxrd.hu-extra-szolgaltatasok-7c5ebf7a-0e9d-498e-ae36-7095c11cdb6c-1-e1739112054366-16x12.jpg 16w, https:\/\/sxrd.webstar.hu\/wp-content\/uploads\/2025\/02\/sxrd.hu-extra-szolgaltatasok-7c5ebf7a-0e9d-498e-ae36-7095c11cdb6c-1-e1739112054366-400x300.jpg 400w, https:\/\/sxrd.webstar.hu\/wp-content\/uploads\/2025\/02\/sxrd.hu-extra-szolgaltatasok-7c5ebf7a-0e9d-498e-ae36-7095c11cdb6c-1-e1739112054366-600x451.jpg 600w\" sizes=\"(max-width: 821px) 100vw, 821px\" \/>\t\t\t\t\t\t\t\t\t\t\t\t\t\t\t<\/div>\n\t\t\t\t<\/div>\n\t\t\t\t<\/div>\n\t\t\t\t\t<\/div>\n\t\t\t\t<\/div>\n\t\t<div class=\"elementor-element elementor-element-468c6ac e-flex e-con-boxed e-con e-parent\" data-id=\"468c6ac\" data-element_type=\"container\" data-e-type=\"container\">\n\t\t\t\t\t<div class=\"e-con-inner\">\n\t\t\t\t<div class=\"elementor-element elementor-element-d23f08e elementor-widget elementor-widget-text-editor\" data-id=\"d23f08e\" data-element_type=\"widget\" data-e-type=\"widget\" data-widget_type=\"text-editor.default\">\n\t\t\t\t<div class=\"elementor-widget-container\">\n\t\t\t\t\t\t\t\t\t<p>If possible, the time of your massage is arranged at the time of booking, but we will also try to accommodate your needs during your stay. Bence comes fully equipped: massage bed, optional oils and creams are provided. The treatment will be undisturbed and, if required, in a quiet environment.<\/p>\n<p><b>Couples massage <\/b>can be requested: treatments are performed consecutively, in one session.<\/p>\n<p><b>Payment:<\/b> cash or by bank transfer. Payment by credit card is not available at the moment.<\/p>\n<p><b>Appointments can be booked via any of our contact details.<\/b><\/p>\t\t\t\t\t\t\t\t<\/div>\n\t\t\t\t<\/div>\n\t\t\t\t\t<\/div>\n\t\t\t\t<\/div>\n\t\t<div class=\"elementor-element elementor-element-a08f040 e-flex e-con-boxed e-con e-parent\" data-id=\"a08f040\" data-element_type=\"container\" data-e-type=\"container\">\n\t\t\t\t\t<div class=\"e-con-inner\">\n\t\t\t\t<div class=\"elementor-element elementor-element-79344c4 elementor-widget elementor-widget-spacer\" data-id=\"79344c4\" data-element_type=\"widget\" data-e-type=\"widget\" data-widget_type=\"spacer.default\">\n\t\t\t\t<div class=\"elementor-widget-container\">\n\t\t\t\t\t\t\t<div class=\"elementor-spacer\">\n\t\t\t<div class=\"elementor-spacer-inner\"><\/div>\n\t\t<\/div>\n\t\t\t\t\t\t<\/div>\n\t\t\t\t<\/div>\n\t\t\t\t\t<\/div>\n\t\t\t\t<\/div>\n\t\t\t\t<\/div>","protected":false},"excerpt":{"rendered":"<p>Az apartmanh\u00e1z vend\u00e9gei sz\u00e1m\u00e1ra el\u00e9rhet\u0151 Kir\u00e1lyh\u00e1zi Bence sport- \u00e9s gy\u00f3gymassz\u0151r, aki jelenleg bevezet\u0151 \u00e1ron k\u00edn\u00e1l kezel\u00e9seket, amik k\u00f6z\u00fcl megtal\u00e1lhat\u00f3: Gy\u00f3gymassz\u00e1zs Sv\u00e9dmassz\u00e1zs Sportmassz\u00e1zs Nyirokmassz\u00e1zs Klasszikus k\u00f6p\u00f6ly\u00f6z\u00e9s A massz\u00e1zs id\u0151pontja lehet\u0151s\u00e9g szerint m\u00e1r a foglal\u00e1skor egyeztetend\u0151, de a tart\u00f3zkod\u00e1s alatt is igyeksz\u00fcnk ig\u00e9nyeikhez\u00a0igazodni. Bence teljes felszerel\u00e9ssel \u00e9rkezik: massz\u00e1zs\u00e1gy, v\u00e1laszthat\u00f3 olajok \u00e9s kr\u00e9mek is biztos\u00edtottak. A kezel\u00e9s zavartalanul, [&hellip;]<\/p>\n","protected":false},"author":5,"featured_media":6151,"parent":5494,"menu_order":0,"comment_status":"closed","ping_status":"closed","template":"elementor_header_footer","meta":{"_acf_changed":false,"footnotes":""},"class_list":["post-4762","page","type-page","status-publish","has-post-thumbnail","hentry"],"acf":[],"_links":{"self":[{"href":"https:\/\/sxrd.webstar.hu\/en\/wp-json\/wp\/v2\/pages\/4762","targetHints":{"allow":["GET"]}}],"collection":[{"href":"https:\/\/sxrd.webstar.hu\/en\/wp-json\/wp\/v2\/pages"}],"about":[{"href":"https:\/\/sxrd.webstar.hu\/en\/wp-json\/wp\/v2\/types\/page"}],"author":[{"embeddable":true,"href":"https:\/\/sxrd.webstar.hu\/en\/wp-json\/wp\/v2\/users\/5"}],"replies":[{"embeddable":true,"href":"https:\/\/sxrd.webstar.hu\/en\/wp-json\/wp\/v2\/comments?post=4762"}],"version-history":[{"count":2,"href":"https:\/\/sxrd.webstar.hu\/en\/wp-json\/wp\/v2\/pages\/4762\/revisions"}],"predecessor-version":[{"id":6158,"href":"https:\/\/sxrd.webstar.hu\/en\/wp-json\/wp\/v2\/pages\/4762\/revisions\/6158"}],"up":[{"embeddable":true,"href":"https:\/\/sxrd.webstar.hu\/en\/wp-json\/wp\/v2\/pages\/5494"}],"wp:featuredmedia":[{"embeddable":true,"href":"https:\/\/sxrd.webstar.hu\/en\/wp-json\/wp\/v2\/media\/6151"}],"wp:attachment":[{"href":"https:\/\/sxrd.webstar.hu\/en\/wp-json\/wp\/v2\/media?parent=4762"}],"curies":[{"name":"wp","href":"https:\/\/api.w.org\/{rel}","templated":true}]}}