{"id":5456,"date":"2025-05-19T17:44:47","date_gmt":"2025-05-19T17:44:47","guid":{"rendered":"https:\/\/teszt.sxrd\/?page_id=5456"},"modified":"2025-09-29T16:51:05","modified_gmt":"2025-09-29T16:51:05","slug":"reggeli","status":"publish","type":"page","link":"https:\/\/sxrd.webstar.hu\/en\/szolgaltatasok\/reggeli\/","title":{"rendered":"Breakfast at the N\u00e1dasdi House"},"content":{"rendered":"<div data-elementor-type=\"wp-page\" data-elementor-id=\"5456\" class=\"elementor elementor-5456\" data-elementor-post-type=\"page\">\n\t\t\t\t<div class=\"elementor-element elementor-element-76a6bb1 e-flex e-con-boxed e-con e-parent\" data-id=\"76a6bb1\" data-element_type=\"container\" data-e-type=\"container\">\n\t\t\t\t\t<div class=\"e-con-inner\">\n\t\t\t\t<div class=\"elementor-element elementor-element-5ab68fa elementor-widget elementor-widget-text-editor\" data-id=\"5ab68fa\" data-element_type=\"widget\" data-e-type=\"widget\" data-widget_type=\"text-editor.default\">\n\t\t\t\t<div class=\"elementor-widget-container\">\n\t\t\t\t\t\t\t\t\t<p>The menu of the Nadasdi House includes a range of different options, such as a breakfast buffet or warm dishes upon request. Homemade flavours, local ingredients and a family atmosphere guarantee the perfect start for the day.<\/p>\n<p>The N\u00e1dasdi House is located in the centre of Szeksz\u00e1rd, making it the perfect starting point for a day full of experiences.<\/p>\n<p><strong>Opening hours<\/strong><\/p>\n<ul>\n<li>Monday: closed<\/li>\n<li>Tuesday-Friday: 7:00-9:00<\/li>\n<li>Saturday-Sunday: 8:00-10:00<\/li>\n<\/ul>\n<p>\u00a0<\/p>\n<p><strong>Location<\/strong>: Szeksz\u00e1rd, R\u00e1k\u00f3czi utca 10 - in the N\u00e1dasdi House<\/p>\n<p><strong>Important<\/strong>: Please bring the breakfast coupons from your room with you!<\/p>\n<p><strong>Prior registration required!<\/strong> Please inform us at least one day in advance by SMS: +36 70 903 9333<\/p>\t\t\t\t\t\t\t\t<\/div>\n\t\t\t\t<\/div>\n\t\t\t\t\t<\/div>\n\t\t\t\t<\/div>\n\t\t\t\t<\/div>","protected":false},"excerpt":{"rendered":"<p>Vend\u00e9geink sv\u00e9dasztalos reggelit \u00e9lvezhetnek a N\u00e1dasdi H\u00e1zban, ig\u00e9ny szerint melegvill\u00e1s fog\u00e1sokkal kieg\u00e9sz\u00edtve. A h\u00e1zias \u00edzek, a helyi alapanyagok \u00e9s a csal\u00e1dias l\u00e9gk\u00f6r egy\u00fctt garant\u00e1lj\u00e1k a t\u00f6k\u00e9letes napind\u00edt\u00e1st. A N\u00e1dasdi H\u00e1z Szeksz\u00e1rd v\u00e1rosk\u00f6zpontj\u00e1ban tal\u00e1lhat\u00f3, \u00edgy t\u00f6k\u00e9letes kiindul\u00f3pont egy \u00e9lm\u00e9nyekkel teli naphoz. Nyitvatart\u00e1s: H\u00e9tf\u0151: sz\u00fcnnap Kedd\u2013P\u00e9ntek: 7:00\u20139:00 Szombat\u2013Vas\u00e1rnap: 8:00\u201310:00 Helysz\u00edn: Szeksz\u00e1rd, R\u00e1k\u00f3czi utca 10. \u2013 a N\u00e1dasdi [&hellip;]<\/p>\n","protected":false},"author":5,"featured_media":6099,"parent":5494,"menu_order":0,"comment_status":"closed","ping_status":"closed","template":"","meta":{"_acf_changed":false,"footnotes":""},"class_list":["post-5456","page","type-page","status-publish","has-post-thumbnail","hentry"],"acf":[],"_links":{"self":[{"href":"https:\/\/sxrd.webstar.hu\/en\/wp-json\/wp\/v2\/pages\/5456","targetHints":{"allow":["GET"]}}],"collection":[{"href":"https:\/\/sxrd.webstar.hu\/en\/wp-json\/wp\/v2\/pages"}],"about":[{"href":"https:\/\/sxrd.webstar.hu\/en\/wp-json\/wp\/v2\/types\/page"}],"author":[{"embeddable":true,"href":"https:\/\/sxrd.webstar.hu\/en\/wp-json\/wp\/v2\/users\/5"}],"replies":[{"embeddable":true,"href":"https:\/\/sxrd.webstar.hu\/en\/wp-json\/wp\/v2\/comments?post=5456"}],"version-history":[{"count":3,"href":"https:\/\/sxrd.webstar.hu\/en\/wp-json\/wp\/v2\/pages\/5456\/revisions"}],"predecessor-version":[{"id":6095,"href":"https:\/\/sxrd.webstar.hu\/en\/wp-json\/wp\/v2\/pages\/5456\/revisions\/6095"}],"up":[{"embeddable":true,"href":"https:\/\/sxrd.webstar.hu\/en\/wp-json\/wp\/v2\/pages\/5494"}],"wp:featuredmedia":[{"embeddable":true,"href":"https:\/\/sxrd.webstar.hu\/en\/wp-json\/wp\/v2\/media\/6099"}],"wp:attachment":[{"href":"https:\/\/sxrd.webstar.hu\/en\/wp-json\/wp\/v2\/media?parent=5456"}],"curies":[{"name":"wp","href":"https:\/\/api.w.org\/{rel}","templated":true}]}}