{"id":5462,"date":"2025-05-19T17:45:37","date_gmt":"2025-05-19T17:45:37","guid":{"rendered":"https:\/\/teszt.sxrd\/?page_id=5462"},"modified":"2025-09-29T17:05:20","modified_gmt":"2025-09-29T17:05:20","slug":"borkostolo","status":"publish","type":"page","link":"https:\/\/sxrd.webstar.hu\/en\/szolgaltatasok\/borkostolo\/","title":{"rendered":"Wine tasting at Fiv\u00e9rek Wine Estate"},"content":{"rendered":"<div data-elementor-type=\"wp-page\" data-elementor-id=\"5462\" class=\"elementor elementor-5462\" data-elementor-post-type=\"page\">\n\t\t\t\t<div class=\"elementor-element elementor-element-2e97fd6 e-flex e-con-boxed e-con e-parent\" data-id=\"2e97fd6\" data-element_type=\"container\" data-e-type=\"container\">\n\t\t\t\t\t<div class=\"e-con-inner\">\n\t\t<div class=\"elementor-element elementor-element-036d011 e-con-full e-flex e-con e-child\" data-id=\"036d011\" data-element_type=\"container\" data-e-type=\"container\">\n\t\t\t\t<div class=\"elementor-element elementor-element-fb6683b elementor-widget elementor-widget-text-editor\" data-id=\"fb6683b\" data-element_type=\"widget\" data-e-type=\"widget\" data-widget_type=\"text-editor.default\">\n\t\t\t\t<div class=\"elementor-widget-container\">\n\t\t\t\t\t\t\t\t\t<p>From the wineries of the Szeksz\u00e1rd wine region - based on our own experience - we recommend the award-winning wines and inviting wine tasting of the Fiv\u00e9rek Wine Estate.\u00a0<strong>Fiv\u00e9rek Borbirtok<\/strong>\u00a0d\u00edjnyertes borait \u00e9s hangulatos bork\u00f3stol\u00f3j\u00e1t aj\u00e1nljuk.<\/p>\n<p>During the tasting our guests can learn more about the premium wines produced in the spirit of brotherhood and family tradition - in a truly Szeksz\u00e1rd experience.<\/p>\n<p><strong>Location:<\/strong>\u00a0Fiv\u00e9rek Borbirtok, Szeksz\u00e1rd<br \/><strong>Registration required!<\/strong><br \/>Contact:\u00a0<strong>M\u00e1t\u00e9 Proh\u00e1szka<\/strong>\u00a0\u2013 +36 30 743 1814<\/p>\t\t\t\t\t\t\t\t<\/div>\n\t\t\t\t<\/div>\n\t\t\t\t<\/div>\n\t\t<div class=\"elementor-element elementor-element-0cd0b07 e-con-full e-flex e-con e-child\" data-id=\"0cd0b07\" data-element_type=\"container\" data-e-type=\"container\">\n\t\t\t\t<div class=\"elementor-element elementor-element-f871e09 elementor-widget elementor-widget-image\" data-id=\"f871e09\" data-element_type=\"widget\" data-e-type=\"widget\" data-widget_type=\"image.default\">\n\t\t\t\t<div class=\"elementor-widget-container\">\n\t\t\t\t\t\t\t\t\t\t\t\t\t\t\t<img fetchpriority=\"high\" decoding=\"async\" width=\"800\" height=\"862\" src=\"https:\/\/sxrd.webstar.hu\/wp-content\/uploads\/2025\/07\/sxrd.hu-fiverek-allo-fiverek-allo.webp\" class=\"attachment-large size-large wp-image-6050\" alt=\"\" srcset=\"https:\/\/sxrd.webstar.hu\/wp-content\/uploads\/2025\/07\/sxrd.hu-fiverek-allo-fiverek-allo.webp 928w, https:\/\/sxrd.webstar.hu\/wp-content\/uploads\/2025\/07\/sxrd.hu-fiverek-allo-fiverek-allo-278x300.webp 278w\" sizes=\"(max-width: 800px) 100vw, 800px\" \/>\t\t\t\t\t\t\t\t\t\t\t\t\t\t\t<\/div>\n\t\t\t\t<\/div>\n\t\t\t\t<\/div>\n\t\t\t\t\t<\/div>\n\t\t\t\t<\/div>\n\t\t\t\t<\/div>","protected":false},"excerpt":{"rendered":"<p>A szeksz\u00e1rdi borvid\u00e9k pinc\u00e9szetei k\u00f6z\u00fcl \u2013 saj\u00e1t tapasztalataink alapj\u00e1n \u2013 vend\u00e9geink figyelm\u00e9be els\u0151sorban a\u00a0Fiv\u00e9rek Borbirtok\u00a0d\u00edjnyertes borait \u00e9s hangulatos bork\u00f3stol\u00f3j\u00e1t aj\u00e1nljuk. A k\u00f3stol\u00f3 sor\u00e1n megismerhetik a testv\u00e9ri \u00f6sszefog\u00e1s \u00e9s a csal\u00e1di hagyom\u00e1nyok ment\u00e9n k\u00e9sz\u00fcl\u0151 pr\u00e9mium borokat \u2013 egy igaz\u00e1n szeksz\u00e1rdi \u00e9lm\u00e9ny keret\u00e9ben. Helysz\u00edn:\u00a0Fiv\u00e9rek Borbirtok, Szeksz\u00e1rd Bejelentkez\u00e9s sz\u00fcks\u00e9ges! Kapcsolat:\u00a0Proh\u00e1szka M\u00e1t\u00e9\u00a0\u2013 +36 30 743 1814<\/p>","protected":false},"author":5,"featured_media":6069,"parent":5494,"menu_order":0,"comment_status":"closed","ping_status":"closed","template":"","meta":{"_acf_changed":false,"footnotes":""},"class_list":["post-5462","page","type-page","status-publish","has-post-thumbnail","hentry"],"acf":[],"_links":{"self":[{"href":"https:\/\/sxrd.webstar.hu\/en\/wp-json\/wp\/v2\/pages\/5462","targetHints":{"allow":["GET"]}}],"collection":[{"href":"https:\/\/sxrd.webstar.hu\/en\/wp-json\/wp\/v2\/pages"}],"about":[{"href":"https:\/\/sxrd.webstar.hu\/en\/wp-json\/wp\/v2\/types\/page"}],"author":[{"embeddable":true,"href":"https:\/\/sxrd.webstar.hu\/en\/wp-json\/wp\/v2\/users\/5"}],"replies":[{"embeddable":true,"href":"https:\/\/sxrd.webstar.hu\/en\/wp-json\/wp\/v2\/comments?post=5462"}],"version-history":[{"count":2,"href":"https:\/\/sxrd.webstar.hu\/en\/wp-json\/wp\/v2\/pages\/5462\/revisions"}],"predecessor-version":[{"id":6153,"href":"https:\/\/sxrd.webstar.hu\/en\/wp-json\/wp\/v2\/pages\/5462\/revisions\/6153"}],"up":[{"embeddable":true,"href":"https:\/\/sxrd.webstar.hu\/en\/wp-json\/wp\/v2\/pages\/5494"}],"wp:featuredmedia":[{"embeddable":true,"href":"https:\/\/sxrd.webstar.hu\/en\/wp-json\/wp\/v2\/media\/6069"}],"wp:attachment":[{"href":"https:\/\/sxrd.webstar.hu\/en\/wp-json\/wp\/v2\/media?parent=5462"}],"curies":[{"name":"wp","href":"https:\/\/api.w.org\/{rel}","templated":true}]}}