{"id":5464,"date":"2025-05-19T17:45:49","date_gmt":"2025-05-19T17:45:49","guid":{"rendered":"https:\/\/teszt.sxrd\/?page_id=5464"},"modified":"2025-05-29T08:38:00","modified_gmt":"2025-05-29T08:38:00","slug":"elektromos-kerekpar-berles","status":"publish","type":"page","link":"https:\/\/sxrd.webstar.hu\/en\/szolgaltatasok\/elektromos-kerekpar-berles\/","title":{"rendered":"Electric bicycle use"},"content":{"rendered":"<div data-elementor-type=\"wp-page\" data-elementor-id=\"5464\" class=\"elementor elementor-5464\" data-elementor-post-type=\"page\">\n\t\t\t\t<div class=\"elementor-element elementor-element-c34d2b0 e-flex e-con-boxed e-con e-parent\" data-id=\"c34d2b0\" data-element_type=\"container\" data-e-type=\"container\">\n\t\t\t\t\t<div class=\"e-con-inner\">\n\t\t<div class=\"elementor-element elementor-element-bb53065 e-con-full e-flex e-con e-child\" data-id=\"bb53065\" data-element_type=\"container\" data-e-type=\"container\" data-settings=\"{&quot;background_background&quot;:&quot;classic&quot;}\">\n\t\t\t\t<\/div>\n\t\t<div class=\"elementor-element elementor-element-5763905 e-con-full e-flex e-con e-child\" data-id=\"5763905\" data-element_type=\"container\" data-e-type=\"container\">\n\t\t\t\t<div class=\"elementor-element elementor-element-c60cc71 elementor-widget elementor-widget-text-editor\" data-id=\"c60cc71\" data-element_type=\"widget\" data-e-type=\"widget\" data-widget_type=\"text-editor.default\">\n\t\t\t\t<div class=\"elementor-widget-container\">\n\t\t\t\t\t\t\t\t\t<p class=\"translation-block\"><strong>Electric bicycles are provided free of charge <\/strong>for our guests, which can be used to explore the hills of Szeksz\u00e1rd.<\/p>\n<p>The use of the bicycles requires a simple administration: a table in the apartment house is used to record who takes the bicycle and when.<\/p>\n<p>Thanks to the electric assistance, the rides are less strenuous, making it easy to see the sights of the area.<\/p>\t\t\t\t\t\t\t\t<\/div>\n\t\t\t\t<\/div>\n\t\t\t\t<\/div>\n\t\t\t\t\t<\/div>\n\t\t\t\t<\/div>\n\t\t\t\t<\/div>","protected":false},"excerpt":{"rendered":"<p>Apartmanvend\u00e9geink sz\u00e1m\u00e1ra\u00a0d\u00edjmentesen biztos\u00edtottak elektromos ker\u00e9kp\u00e1rok, amelyekkel k\u00e9nyelmesen felfedezhet\u0151 a szeksz\u00e1rdi dombvid\u00e9k. A haszn\u00e1lat egy egyszer\u0171 adminisztr\u00e1ci\u00f3hoz k\u00f6t\u00f6tt: az apartmanh\u00e1zban elhelyezett t\u00e1bl\u00e1zatban r\u00f6gz\u00edtend\u0151, ki milyen id\u0151pontban vitte el a ker\u00e9kp\u00e1rt. Az elektromos r\u00e1seg\u00edt\u00e9snek k\u00f6sz\u00f6nhet\u0151en a t\u00far\u00e1k kev\u00e9sb\u00e9 megterhel\u0151k, \u00edgy a k\u00f6rny\u00e9k l\u00e1tnival\u00f3i k\u00f6nnyed\u00e9n bej\u00e1rhat\u00f3k.<\/p>","protected":false},"author":5,"featured_media":6154,"parent":5494,"menu_order":0,"comment_status":"closed","ping_status":"closed","template":"","meta":{"_acf_changed":false,"footnotes":""},"class_list":["post-5464","page","type-page","status-publish","has-post-thumbnail","hentry"],"acf":[],"_links":{"self":[{"href":"https:\/\/sxrd.webstar.hu\/en\/wp-json\/wp\/v2\/pages\/5464","targetHints":{"allow":["GET"]}}],"collection":[{"href":"https:\/\/sxrd.webstar.hu\/en\/wp-json\/wp\/v2\/pages"}],"about":[{"href":"https:\/\/sxrd.webstar.hu\/en\/wp-json\/wp\/v2\/types\/page"}],"author":[{"embeddable":true,"href":"https:\/\/sxrd.webstar.hu\/en\/wp-json\/wp\/v2\/users\/5"}],"replies":[{"embeddable":true,"href":"https:\/\/sxrd.webstar.hu\/en\/wp-json\/wp\/v2\/comments?post=5464"}],"version-history":[{"count":2,"href":"https:\/\/sxrd.webstar.hu\/en\/wp-json\/wp\/v2\/pages\/5464\/revisions"}],"predecessor-version":[{"id":5963,"href":"https:\/\/sxrd.webstar.hu\/en\/wp-json\/wp\/v2\/pages\/5464\/revisions\/5963"}],"up":[{"embeddable":true,"href":"https:\/\/sxrd.webstar.hu\/en\/wp-json\/wp\/v2\/pages\/5494"}],"wp:featuredmedia":[{"embeddable":true,"href":"https:\/\/sxrd.webstar.hu\/en\/wp-json\/wp\/v2\/media\/6154"}],"wp:attachment":[{"href":"https:\/\/sxrd.webstar.hu\/en\/wp-json\/wp\/v2\/media?parent=5464"}],"curies":[{"name":"wp","href":"https:\/\/api.w.org\/{rel}","templated":true}]}}